{"id":426,"date":"2021-07-21T16:59:45","date_gmt":"2021-07-21T19:59:45","guid":{"rendered":"https:\/\/hdembreagens.com.br\/?post_type=product&#038;p=426"},"modified":"2021-07-21T16:59:45","modified_gmt":"2021-07-21T19:59:45","slug":"kfw210t-hd","status":"publish","type":"product","link":"https:\/\/hdembreagens.com.br\/index.php\/produto\/kfw210t-hd\/","title":{"rendered":"KFW210T.HD"},"content":{"rendered":"","protected":false},"excerpt":{"rendered":"<h1>Kit de Embreagem<\/h1>\n<h2>Ford\/Volkswagen<\/h2>\n<p>\u2205 365mm<\/p>\n<h2><span class=\"fontstyle0\">Aplica\u00e7\u00e3o<\/span><\/h2>\n<p><span class=\"fontstyle1\">FORD e FORD at\u00e9 210 CV N\u00c3O APLICAR EM SERVI\u00c7O SEVERO COM TUBO GUIA<\/span><\/p>\n<p>&nbsp;<\/p>\n<h2><span class=\"fontstyle1\"><br \/>\nRefer\u00eancia<\/span><\/h2>\n<p><span class=\"fontstyle1\">350mm ou 365mm<\/span><\/p>\n<p>&nbsp;<\/p>\n<h1><\/h1>\n<h2><\/h2>\n<p>&nbsp;<\/p>\n<h2><\/h2>\n<p>&nbsp;<\/p>\n<p>&nbsp;<\/p>\n<p>&nbsp;<\/p>\n<p>&nbsp;<\/p>\n<p>&nbsp;<\/p>\n<h2><\/h2>\n<h2><\/h2>\n<p>&nbsp;<\/p>\n","protected":false},"featured_media":0,"comment_status":"closed","ping_status":"closed","template":"","meta":[],"product_cat":[27,24],"product_tag":[],"class_list":{"0":"post-426","1":"product","2":"type-product","3":"status-publish","4":"hentry","5":"product_cat-ford-volkswagen","6":"product_cat-kitsdeembreagens","8":"entry","9":"owp-thumbs-layout-horizontal","10":"owp-btn-normal","11":"owp-tabs-layout-horizontal","12":"has-no-thumbnails","13":"has-product-nav"},"_links":{"self":[{"href":"https:\/\/hdembreagens.com.br\/index.php\/wp-json\/wp\/v2\/product\/426","targetHints":{"allow":["GET"]}}],"collection":[{"href":"https:\/\/hdembreagens.com.br\/index.php\/wp-json\/wp\/v2\/product"}],"about":[{"href":"https:\/\/hdembreagens.com.br\/index.php\/wp-json\/wp\/v2\/types\/product"}],"replies":[{"embeddable":true,"href":"https:\/\/hdembreagens.com.br\/index.php\/wp-json\/wp\/v2\/comments?post=426"}],"wp:attachment":[{"href":"https:\/\/hdembreagens.com.br\/index.php\/wp-json\/wp\/v2\/media?parent=426"}],"wp:term":[{"taxonomy":"product_cat","embeddable":true,"href":"https:\/\/hdembreagens.com.br\/index.php\/wp-json\/wp\/v2\/product_cat?post=426"},{"taxonomy":"product_tag","embeddable":true,"href":"https:\/\/hdembreagens.com.br\/index.php\/wp-json\/wp\/v2\/product_tag?post=426"}],"curies":[{"name":"wp","href":"https:\/\/api.w.org\/{rel}","templated":true}]}}